{"id":47,"date":"2021-08-05T02:18:54","date_gmt":"2021-08-05T05:18:54","guid":{"rendered":"https:\/\/evedesire.com\/es\/?page_id=47"},"modified":"2022-04-22T00:09:46","modified_gmt":"2022-04-22T03:09:46","slug":"discografia","status":"publish","type":"page","link":"https:\/\/evedesire.com\/es\/discografia\/","title":{"rendered":"Discografia"},"content":{"rendered":"\n<div class=\"wp-block-media-text alignwide is-stacked-on-mobile\"><figure class=\"wp-block-media-text__media\"><img loading=\"lazy\" decoding=\"async\" width=\"1024\" height=\"1024\" src=\"https:\/\/evedesire.com\/es\/wp-content\/uploads\/sites\/2\/2022\/04\/gaia_final-1-1024x1024.png\" alt=\"\" class=\"wp-image-214 size-full\" srcset=\"https:\/\/evedesire.com\/es\/wp-content\/uploads\/sites\/2\/2022\/04\/gaia_final-1-1024x1024.png 1024w, https:\/\/evedesire.com\/es\/wp-content\/uploads\/sites\/2\/2022\/04\/gaia_final-1-300x300.png 300w, https:\/\/evedesire.com\/es\/wp-content\/uploads\/sites\/2\/2022\/04\/gaia_final-1-150x150.png 150w, https:\/\/evedesire.com\/es\/wp-content\/uploads\/sites\/2\/2022\/04\/gaia_final-1-768x768.png 768w, https:\/\/evedesire.com\/es\/wp-content\/uploads\/sites\/2\/2022\/04\/gaia_final-1-320x320.png 320w, https:\/\/evedesire.com\/es\/wp-content\/uploads\/sites\/2\/2022\/04\/gaia_final-1.png 1476w\" sizes=\"auto, (max-width: 1024px) 100vw, 1024px\" \/><\/figure><div class=\"wp-block-media-text__content\">\n<h2 class=\"wp-block-heading\" id=\"prelude-to-singularity-orchestral-versions-vol-1\">gaia <\/h2>\n\n\n\n<p><em>Single <\/em>&#8211; 22 de Abril de 2022 &#8211; Producido por Wagner Cappia, Est\u00fadio Yourtrack, Buenos Aires &#8211; Argentina<\/p>\n\n\n\n<p><strong><em>Nuestra Sangre Sobrevive<\/em><\/strong><\/p>\n<\/div><\/div>\n\n\n\n<p><\/p>\n\n\n\n<div class=\"wp-block-buttons is-content-justification-center is-layout-flex wp-container-core-buttons-is-layout-16018d1d wp-block-buttons-is-layout-flex\">\n<div class=\"wp-block-button\"><a class=\"wp-block-button__link\" href=\"https:\/\/open.spotify.com\/track\/52j1Vq4DEIHHqVwbgbQKsc?si=e9c9694b5574404c\">Escucha el sencillo <strong>GAIA<\/strong> (<em>Spotify<\/em>)<\/a><\/div>\n<\/div>\n\n\n\n<hr class=\"wp-block-separator\"\/>\n\n\n\n<div class=\"wp-block-media-text alignwide is-stacked-on-mobile\"><figure class=\"wp-block-media-text__media\"><img decoding=\"async\" src=\"https:\/\/evedesire.com\/wp-content\/uploads\/2021\/08\/Capa-Orquestral-1024x1024.jpeg\" alt=\"\" class=\"wp-image-70 size-full\"\/><\/figure><div class=\"wp-block-media-text__content\">\n<h2 class=\"wp-block-heading\" id=\"prelude-to-singularity-orchestral-versions-vol-1\">Prelude to Singularity &#8211; Orchestral Versions &#8211; Vol. 1<\/h2>\n\n\n\n<p><em>Single <\/em>&#8211; 27 de Marzo de 2021 &#8211; Producido por Wagner Cappia, Est\u00fadio Yourtrack, S\u00e3o Paulo<\/p>\n<\/div><\/div>\n\n\n\n<p><\/p>\n\n\n\n<div class=\"wp-block-buttons is-content-justification-center is-layout-flex wp-container-core-buttons-is-layout-16018d1d wp-block-buttons-is-layout-flex\">\n<div class=\"wp-block-button\"><a class=\"wp-block-button__link\" href=\"https:\/\/open.spotify.com\/album\/2B8klFXDI9rqv6pHw0vyNp?si=7Ct7qzRnR5OTksIrfzkjXA\" target=\"_blank\" rel=\"noreferrer noopener\">Escuchen las versiones orquestales de <strong>Eve Desire<\/strong> (<em>Spotify<\/em>)<\/a><\/div>\n<\/div>\n\n\n\n<hr class=\"wp-block-separator\"\/>\n\n\n\n<div class=\"wp-block-media-text alignwide is-stacked-on-mobile\"><figure class=\"wp-block-media-text__media\"><img decoding=\"async\" src=\"https:\/\/evedesire.com\/wp-content\/uploads\/2021\/08\/prelude-to-singularity.jpg\" alt=\"\" class=\"wp-image-69 size-full\"\/><\/figure><div class=\"wp-block-media-text__content\">\n<h2 class=\"wp-block-heading\" id=\"prelude-to-singularity\">Prelude to Singularity<\/h2>\n\n\n\n<p><em>\u00c1lbum <\/em>&#8211; 8 de Marzo 2020 &#8211; Producido por Thiago Bianchi, Est\u00fadio Fus\u00e3o, S\u00e3o Paulo&nbsp;<\/p>\n<\/div><\/div>\n\n\n\n<p><\/p>\n\n\n\n<h2 class=\"has-text-align-center wp-block-heading\" id=\"prelude-to-singularity-booklet\">Prelude To Singularity &#8211; Booklet<\/h2>\n\n\n\n<p><\/p>\n\n\n<div class=\"_df_book df-lite\" id=\"df_160\"  data-title=\"prelude-to-singularity-booklet\" _slug=\"prelude-to-singularity-booklet\" wpoptions=\"true\" thumbtype=\"\" ><\/div><script class=\"df-shortcode-script\" type=\"application\/javascript\">window.option_df_160 = {\"outline\":[],\"backgroundColor\":\"#f0f0f0\",\"autoEnableOutline\":\"false\",\"autoEnableThumbnail\":\"false\",\"overwritePDFOutline\":\"false\",\"enableDownload\":\"false\",\"direction\":\"1\",\"pageSize\":\"0\",\"source\":\"https:\\\/\\\/evedesire.com\\\/es\\\/wp-content\\\/uploads\\\/sites\\\/2\\\/2022\\\/02\\\/Booklet-Prelude-to-Singularity.pdf\",\"wpOptions\":\"true\"}; if(window.DFLIP && window.DFLIP.parseBooks){window.DFLIP.parseBooks();}<\/script>\n\n\n\n<div class=\"wp-block-buttons is-content-justification-center is-layout-flex wp-container-core-buttons-is-layout-16018d1d wp-block-buttons-is-layout-flex\">\n<div class=\"wp-block-button\"><a class=\"wp-block-button__link\" href=\"https:\/\/open.spotify.com\/album\/4LwFaSNsba4HgZe57zqys9?si=ibsgImlfTeyrRTewRCr4tw\" target=\"_blank\" rel=\"noreferrer noopener\">Escuchen el \u00e1lbum <strong>Prelude to Singularity<\/strong> en su totalidad (<em>Spotify<\/em>)<\/a><\/div>\n<\/div>\n\n\n\n<hr class=\"wp-block-separator\"\/>\n\n\n\n<div class=\"wp-block-media-text alignwide is-stacked-on-mobile\"><figure class=\"wp-block-media-text__media\"><img decoding=\"async\" src=\"https:\/\/evedesire.com\/wp-content\/uploads\/2021\/08\/quantica.jpg\" alt=\"\" class=\"wp-image-68 size-full\"\/><\/figure><div class=\"wp-block-media-text__content\">\n<h2 class=\"wp-block-heading\" id=\"quantica-single\">Quantica (single)<\/h2>\n\n\n\n<p><em>Single <\/em>&#8211; 15 de Diciembre de 2018 &#8211; Producido por Thiago Bianchi, Est\u00fadio Fus\u00e3o, S\u00e3o Paulo<\/p>\n<\/div><\/div>\n\n\n\n<p><\/p>\n\n\n\n<div class=\"wp-block-buttons is-content-justification-center is-layout-flex wp-container-core-buttons-is-layout-16018d1d wp-block-buttons-is-layout-flex\">\n<div class=\"wp-block-button\"><a class=\"wp-block-button__link\" href=\"https:\/\/www.youtube.com\/watch?v=zKip2wPgZtg\" target=\"_blank\" rel=\"noreferrer noopener\">Mire el clip de <strong>Quantica <\/strong>(<em>Youtube<\/em>)<\/a><\/div>\n<\/div>\n\n\n\n<hr class=\"wp-block-separator\"\/>\n\n\n\n<div class=\"wp-block-media-text alignwide is-stacked-on-mobile\"><figure class=\"wp-block-media-text__media\"><img decoding=\"async\" src=\"https:\/\/evedesire.com\/wp-content\/uploads\/2021\/08\/Vitruvia-1024x1024.png\" alt=\"\" class=\"wp-image-67 size-full\"\/><\/figure><div class=\"wp-block-media-text__content\">\n<h2 class=\"wp-block-heading\" id=\"vitruvia-demo\">Vitruvia (demo)<\/h2>\n\n\n\n<p><em>Single <\/em>&#8211; 2014 &#8211; Producido por Wagner Cappia, Est\u00fadio Yourtrack, S\u00e3o Paulo<\/p>\n<\/div><\/div>\n\n\n\n<p><\/p>\n\n\n\n<div class=\"wp-block-buttons is-content-justification-center is-layout-flex wp-container-core-buttons-is-layout-16018d1d wp-block-buttons-is-layout-flex\">\n<div class=\"wp-block-button\"><a class=\"wp-block-button__link\" href=\"https:\/\/www.youtube.com\/watch?v=bdzRr4V3wY4\" target=\"_blank\" rel=\"noreferrer noopener\">Mire el web clip de <strong>Vitruvia <\/strong>(<em>Youtube<\/em>)<\/a><\/div>\n<\/div>\n","protected":false},"excerpt":{"rendered":"<p>gaia Single &#8211; 22 de Abril de 2022 &#8211; Producido por Wagner<a class=\"blog-post-excerpt-more\" href=\"https:\/\/evedesire.com\/es\/discografia\/\" rel=\"bookmark\"><i class=\"fa fa-angle-double-right\"><\/i><\/a><\/p>\n","protected":false},"author":1,"featured_media":0,"parent":0,"menu_order":0,"comment_status":"closed","ping_status":"closed","template":"page-templates\/page-full-width.php","meta":{"_uag_custom_page_level_css":"","footnotes":""},"class_list":["post-47","page","type-page","status-publish","hentry"],"uagb_featured_image_src":{"full":false,"thumbnail":false,"medium":false,"medium_large":false,"large":false,"1536x1536":false,"2048x2048":false,"audiopress-blog":false},"uagb_author_info":{"display_name":"admin","author_link":"https:\/\/evedesire.com\/es\/author\/admin\/"},"uagb_comment_info":0,"uagb_excerpt":"gaia Single &#8211; 22 de Abril de 2022 &#8211; Producido por Wagner","_links":{"self":[{"href":"https:\/\/evedesire.com\/es\/wp-json\/wp\/v2\/pages\/47","targetHints":{"allow":["GET"]}}],"collection":[{"href":"https:\/\/evedesire.com\/es\/wp-json\/wp\/v2\/pages"}],"about":[{"href":"https:\/\/evedesire.com\/es\/wp-json\/wp\/v2\/types\/page"}],"author":[{"embeddable":true,"href":"https:\/\/evedesire.com\/es\/wp-json\/wp\/v2\/users\/1"}],"replies":[{"embeddable":true,"href":"https:\/\/evedesire.com\/es\/wp-json\/wp\/v2\/comments?post=47"}],"version-history":[{"count":13,"href":"https:\/\/evedesire.com\/es\/wp-json\/wp\/v2\/pages\/47\/revisions"}],"predecessor-version":[{"id":219,"href":"https:\/\/evedesire.com\/es\/wp-json\/wp\/v2\/pages\/47\/revisions\/219"}],"wp:attachment":[{"href":"https:\/\/evedesire.com\/es\/wp-json\/wp\/v2\/media?parent=47"}],"curies":[{"name":"wp","href":"https:\/\/api.w.org\/{rel}","templated":true}]}}